{"id":7698,"date":"2023-06-12T09:41:35","date_gmt":"2023-06-12T09:41:35","guid":{"rendered":"https:\/\/cutuswear.com\/?post_type=product&#038;p=7698"},"modified":"2023-08-04T09:27:15","modified_gmt":"2023-08-04T09:27:15","slug":"camiseta-corazon-y-razon-2","status":"publish","type":"product","link":"https:\/\/cutuswear.com\/index.php\/producto\/camiseta-corazon-y-razon-2\/","title":{"rendered":"Camiseta Coraz\u00f3n y Raz\u00f3n"},"content":{"rendered":"<p>Todos los dise\u00f1os son \u00fanicos y exclusivos, realizados por nosotros mismos.<\/p>\n","protected":false},"excerpt":{"rendered":"<p>Todos los dise\u00f1os son \u00fanicos y exclusivos, realizados por nosotros mismos.<\/p>\n","protected":false},"featured_media":7703,"comment_status":"open","ping_status":"closed","template":"","meta":[],"product_cat":[115,116],"product_tag":[134,135],"class_list":{"0":"post-7698","1":"product","2":"type-product","3":"status-publish","4":"has-post-thumbnail","6":"product_cat-camisetas","7":"product_cat-hombre","8":"product_tag-camisetas","9":"product_tag-clasicas","10":"product_shipping_class-envio-estandar","11":"pa_color-negro","12":"pa_size-l","13":"pa_size-m","14":"pa_size-s","15":"pa_size-xl","17":"first","18":"instock","19":"purchasable","20":"product-type-variable"},"_links":{"self":[{"href":"https:\/\/cutuswear.com\/index.php\/wp-json\/wp\/v2\/product\/7698","targetHints":{"allow":["GET"]}}],"collection":[{"href":"https:\/\/cutuswear.com\/index.php\/wp-json\/wp\/v2\/product"}],"about":[{"href":"https:\/\/cutuswear.com\/index.php\/wp-json\/wp\/v2\/types\/product"}],"replies":[{"embeddable":true,"href":"https:\/\/cutuswear.com\/index.php\/wp-json\/wp\/v2\/comments?post=7698"}],"wp:featuredmedia":[{"embeddable":true,"href":"https:\/\/cutuswear.com\/index.php\/wp-json\/wp\/v2\/media\/7703"}],"wp:attachment":[{"href":"https:\/\/cutuswear.com\/index.php\/wp-json\/wp\/v2\/media?parent=7698"}],"wp:term":[{"taxonomy":"product_cat","embeddable":true,"href":"https:\/\/cutuswear.com\/index.php\/wp-json\/wp\/v2\/product_cat?post=7698"},{"taxonomy":"product_tag","embeddable":true,"href":"https:\/\/cutuswear.com\/index.php\/wp-json\/wp\/v2\/product_tag?post=7698"}],"curies":[{"name":"wp","href":"https:\/\/api.w.org\/{rel}","templated":true}]}}