{"id":7681,"date":"2023-06-11T18:24:49","date_gmt":"2023-06-11T18:24:49","guid":{"rendered":"https:\/\/cutuswear.com\/?post_type=product&#038;p=7681"},"modified":"2023-08-04T09:27:54","modified_gmt":"2023-08-04T09:27:54","slug":"camiseta-corazon-y-razon","status":"publish","type":"product","link":"https:\/\/cutuswear.com\/index.php\/producto\/camiseta-corazon-y-razon\/","title":{"rendered":"Camiseta Coraz\u00f3n y Raz\u00f3n"},"content":{"rendered":"<p>\u00bfTe gusta tener un estilo m\u00e1s desenfadado sin dejar de ser elegante? Nuestras camisetas son para ti.<\/p>\n<p>Dise\u00f1os propios, 100% algod\u00f3n org\u00e1nico, encuentra tu pr\u00f3xima camiseta especial.<\/p>\n","protected":false},"excerpt":{"rendered":"<p>\u00bfTe gusta tener un estilo m\u00e1s desenfadado sin dejar de ser elegante? Nuestras camisetas son para ti. Dise\u00f1os propios, 100% algod\u00f3n org\u00e1nico, encuentra tu pr\u00f3xima camiseta especial.<\/p>\n","protected":false},"featured_media":7686,"comment_status":"open","ping_status":"closed","template":"","meta":[],"product_cat":[115,117],"product_tag":[134,135],"class_list":{"0":"post-7681","1":"product","2":"type-product","3":"status-publish","4":"has-post-thumbnail","6":"product_cat-camisetas","7":"product_cat-mujer","8":"product_tag-camisetas","9":"product_tag-clasicas","10":"product_shipping_class-envio-estandar","11":"pa_color-blanco","12":"pa_size-l","13":"pa_size-m","14":"pa_size-s","15":"pa_size-xl","17":"first","18":"instock","19":"purchasable","20":"product-type-variable"},"_links":{"self":[{"href":"https:\/\/cutuswear.com\/index.php\/wp-json\/wp\/v2\/product\/7681","targetHints":{"allow":["GET"]}}],"collection":[{"href":"https:\/\/cutuswear.com\/index.php\/wp-json\/wp\/v2\/product"}],"about":[{"href":"https:\/\/cutuswear.com\/index.php\/wp-json\/wp\/v2\/types\/product"}],"replies":[{"embeddable":true,"href":"https:\/\/cutuswear.com\/index.php\/wp-json\/wp\/v2\/comments?post=7681"}],"wp:featuredmedia":[{"embeddable":true,"href":"https:\/\/cutuswear.com\/index.php\/wp-json\/wp\/v2\/media\/7686"}],"wp:attachment":[{"href":"https:\/\/cutuswear.com\/index.php\/wp-json\/wp\/v2\/media?parent=7681"}],"wp:term":[{"taxonomy":"product_cat","embeddable":true,"href":"https:\/\/cutuswear.com\/index.php\/wp-json\/wp\/v2\/product_cat?post=7681"},{"taxonomy":"product_tag","embeddable":true,"href":"https:\/\/cutuswear.com\/index.php\/wp-json\/wp\/v2\/product_tag?post=7681"}],"curies":[{"name":"wp","href":"https:\/\/api.w.org\/{rel}","templated":true}]}}