{"id":7653,"date":"2023-06-11T18:14:17","date_gmt":"2023-06-11T18:14:17","guid":{"rendered":"https:\/\/cutuswear.com\/?post_type=product&#038;p=7653"},"modified":"2023-08-04T09:26:40","modified_gmt":"2023-08-04T09:26:40","slug":"camiseta-dino","status":"publish","type":"product","link":"https:\/\/cutuswear.com\/index.php\/producto\/camiseta-dino\/","title":{"rendered":"Camiseta Ranglan Dino"},"content":{"rendered":"<p>\u00bfTe gusta tener un estilo m\u00e1s desenfadado sin dejar de ser elegante? Nuestras camisetas son para ti.<\/p>\n<p>Dise\u00f1os propios, 100% algod\u00f3n org\u00e1nico, encuentra tu pr\u00f3xima camiseta especial.<\/p>\n","protected":false},"excerpt":{"rendered":"<p>\u00bfTe gusta tener un estilo m\u00e1s desenfadado sin dejar de ser elegante? Nuestras camisetas son para ti. Dise\u00f1os propios, 100% algod\u00f3n org\u00e1nico, encuentra tu pr\u00f3xima camiseta especial.<\/p>\n","protected":false},"featured_media":7658,"comment_status":"open","ping_status":"closed","template":"","meta":[],"product_cat":[115,116],"product_tag":[134,135],"class_list":{"0":"post-7653","1":"product","2":"type-product","3":"status-publish","4":"has-post-thumbnail","6":"product_cat-camisetas","7":"product_cat-hombre","8":"product_tag-camisetas","9":"product_tag-clasicas","10":"product_shipping_class-envio-estandar","11":"pa_color-blanco","12":"pa_color-negro","13":"pa_size-l","14":"pa_size-m","15":"pa_size-s","16":"pa_size-xl","18":"first","19":"instock","20":"purchasable","21":"product-type-variable"},"_links":{"self":[{"href":"https:\/\/cutuswear.com\/index.php\/wp-json\/wp\/v2\/product\/7653","targetHints":{"allow":["GET"]}}],"collection":[{"href":"https:\/\/cutuswear.com\/index.php\/wp-json\/wp\/v2\/product"}],"about":[{"href":"https:\/\/cutuswear.com\/index.php\/wp-json\/wp\/v2\/types\/product"}],"replies":[{"embeddable":true,"href":"https:\/\/cutuswear.com\/index.php\/wp-json\/wp\/v2\/comments?post=7653"}],"wp:featuredmedia":[{"embeddable":true,"href":"https:\/\/cutuswear.com\/index.php\/wp-json\/wp\/v2\/media\/7658"}],"wp:attachment":[{"href":"https:\/\/cutuswear.com\/index.php\/wp-json\/wp\/v2\/media?parent=7653"}],"wp:term":[{"taxonomy":"product_cat","embeddable":true,"href":"https:\/\/cutuswear.com\/index.php\/wp-json\/wp\/v2\/product_cat?post=7653"},{"taxonomy":"product_tag","embeddable":true,"href":"https:\/\/cutuswear.com\/index.php\/wp-json\/wp\/v2\/product_tag?post=7653"}],"curies":[{"name":"wp","href":"https:\/\/api.w.org\/{rel}","templated":true}]}}