{"id":7447,"date":"2022-12-30T08:30:17","date_gmt":"2022-12-30T08:30:17","guid":{"rendered":"https:\/\/cutuswear.com\/?post_type=product&#038;p=7447"},"modified":"2023-08-04T09:27:15","modified_gmt":"2023-08-04T09:27:15","slug":"camiseta-cutus-clasica-negra","status":"publish","type":"product","link":"https:\/\/cutuswear.com\/index.php\/producto\/camiseta-cutus-clasica-negra\/","title":{"rendered":"Camiseta Cutus Cl\u00e1sica Negra"},"content":{"rendered":"<p>\u00bfNecesitas un cl\u00e1sico? Nuestras camisetas son para ti.<\/p>\n<p>Sobrias, atemporales, 100% algod\u00f3n org\u00e1nico, encuentra tu pr\u00f3xima camiseta esencial.<\/p>\n","protected":false},"excerpt":{"rendered":"<p>\u00bfNecesitas un cl\u00e1sico? Nuestras camisetas son para ti. Sobrias, atemporales, 100% algod\u00f3n org\u00e1nico, encuentra tu pr\u00f3xima camiseta esencial.<\/p>\n","protected":false},"featured_media":7421,"comment_status":"open","ping_status":"closed","template":"","meta":[],"product_cat":[115,116],"product_tag":[134,135],"class_list":{"0":"post-7447","1":"product","2":"type-product","3":"status-publish","4":"has-post-thumbnail","6":"product_cat-camisetas","7":"product_cat-hombre","8":"product_tag-camisetas","9":"product_tag-clasicas","10":"pa_color-blanco","11":"pa_size-l","12":"pa_size-m","13":"pa_size-s","14":"pa_size-xl","16":"first","17":"instock","18":"purchasable","19":"product-type-variable"},"_links":{"self":[{"href":"https:\/\/cutuswear.com\/index.php\/wp-json\/wp\/v2\/product\/7447","targetHints":{"allow":["GET"]}}],"collection":[{"href":"https:\/\/cutuswear.com\/index.php\/wp-json\/wp\/v2\/product"}],"about":[{"href":"https:\/\/cutuswear.com\/index.php\/wp-json\/wp\/v2\/types\/product"}],"replies":[{"embeddable":true,"href":"https:\/\/cutuswear.com\/index.php\/wp-json\/wp\/v2\/comments?post=7447"}],"wp:featuredmedia":[{"embeddable":true,"href":"https:\/\/cutuswear.com\/index.php\/wp-json\/wp\/v2\/media\/7421"}],"wp:attachment":[{"href":"https:\/\/cutuswear.com\/index.php\/wp-json\/wp\/v2\/media?parent=7447"}],"wp:term":[{"taxonomy":"product_cat","embeddable":true,"href":"https:\/\/cutuswear.com\/index.php\/wp-json\/wp\/v2\/product_cat?post=7447"},{"taxonomy":"product_tag","embeddable":true,"href":"https:\/\/cutuswear.com\/index.php\/wp-json\/wp\/v2\/product_tag?post=7447"}],"curies":[{"name":"wp","href":"https:\/\/api.w.org\/{rel}","templated":true}]}}