{"id":7366,"date":"2022-12-22T12:46:10","date_gmt":"2022-12-22T12:46:10","guid":{"rendered":"https:\/\/cutuswear.com\/?post_type=product&#038;p=7366"},"modified":"2023-11-28T16:39:06","modified_gmt":"2023-11-28T16:39:06","slug":"sudadera-rosa","status":"publish","type":"product","link":"https:\/\/cutuswear.com\/index.php\/producto\/sudadera-rosa\/","title":{"rendered":"Sudadera Rosa"},"content":{"rendered":"<p>\u00a1SOMOS ECOFRIENDLY!<\/p>\n<p>100% sostenible<\/p>\n<p>Sudadera con bordado, sin capucha y\u00a0<strong>ecol\u00f3gica<\/strong>.<\/p>\n<p>No hay mejor manera para vestir de forma sostenible, preocup\u00e1ndonos del medio ambiente, que con Cutus.<\/p>\n<p>85% algod\u00f3n org\u00e1nico hilado y peinado 15% poli\u00e9ster reciclado &#8211; 320g\/m2<\/p>\n<p>&nbsp;<\/p>\n<p>El modelo lleva talla L, mide 1,91 cm.<\/p>\n","protected":false},"excerpt":{"rendered":"<p>\u00a1SOMOS ECOFRIENDLY! 100% sostenible Sudadera con bordado, sin capucha y\u00a0ecol\u00f3gica. No hay mejor manera para vestir de forma sostenible, preocup\u00e1ndonos del medio ambiente, que con Cutus. 85% algod\u00f3n org\u00e1nico hilado y peinado 15% poli\u00e9ster reciclado &#8211; 320g\/m2 &nbsp; El modelo lleva talla L, mide 1,91 cm.<\/p>\n","protected":false},"featured_media":7760,"comment_status":"open","ping_status":"closed","template":"","meta":[],"product_cat":[130],"product_tag":[133,131,132],"class_list":{"0":"post-7366","1":"product","2":"type-product","3":"status-publish","4":"has-post-thumbnail","6":"product_cat-sudaderas","7":"product_tag-ecologico","8":"product_tag-sudaderas","9":"product_tag-unisex","10":"product_shipping_class-envio-estandar","11":"pa_color-rosa","12":"pa_size-l","13":"pa_size-m","14":"pa_size-s","15":"pa_size-xs","17":"first","18":"instock","19":"purchasable","20":"product-type-variable"},"_links":{"self":[{"href":"https:\/\/cutuswear.com\/index.php\/wp-json\/wp\/v2\/product\/7366","targetHints":{"allow":["GET"]}}],"collection":[{"href":"https:\/\/cutuswear.com\/index.php\/wp-json\/wp\/v2\/product"}],"about":[{"href":"https:\/\/cutuswear.com\/index.php\/wp-json\/wp\/v2\/types\/product"}],"replies":[{"embeddable":true,"href":"https:\/\/cutuswear.com\/index.php\/wp-json\/wp\/v2\/comments?post=7366"}],"wp:featuredmedia":[{"embeddable":true,"href":"https:\/\/cutuswear.com\/index.php\/wp-json\/wp\/v2\/media\/7760"}],"wp:attachment":[{"href":"https:\/\/cutuswear.com\/index.php\/wp-json\/wp\/v2\/media?parent=7366"}],"wp:term":[{"taxonomy":"product_cat","embeddable":true,"href":"https:\/\/cutuswear.com\/index.php\/wp-json\/wp\/v2\/product_cat?post=7366"},{"taxonomy":"product_tag","embeddable":true,"href":"https:\/\/cutuswear.com\/index.php\/wp-json\/wp\/v2\/product_tag?post=7366"}],"curies":[{"name":"wp","href":"https:\/\/api.w.org\/{rel}","templated":true}]}}