{"id":3594,"date":"2020-02-03T16:33:28","date_gmt":"2020-02-03T16:33:28","guid":{"rendered":"https:\/\/cutuswear.com\/?post_type=product&#038;p=3594"},"modified":"2025-09-01T06:25:24","modified_gmt":"2025-09-01T06:25:24","slug":"lichtenstein","status":"publish","type":"product","link":"https:\/\/cutuswear.com\/index.php\/producto\/lichtenstein\/","title":{"rendered":"Lichtenstein"},"content":{"rendered":"<p>Ba\u00f1adores hechos a mano.<\/p>\n<p>Todos los dise\u00f1os son \u00fanicos y exclusivos, realizados por nosotros mismos.<\/p>\n","protected":false},"excerpt":{"rendered":"<p>Ba\u00f1adores hechos a mano. Todos los dise\u00f1os son \u00fanicos y exclusivos, realizados por nosotros mismos.<\/p>\n","protected":false},"featured_media":4116,"comment_status":"open","ping_status":"closed","template":"","meta":[],"product_cat":[108,37,44,51],"product_tag":[92,88,98,97,83,93,96,84,95,86,87,82],"class_list":{"0":"post-3594","1":"product","2":"type-product","3":"status-publish","4":"has-post-thumbnail","6":"product_cat-swimwear","7":"product_cat-classical","8":"product_cat-swimwear-men","9":"product_cat-collections","10":"product_tag-banador","11":"product_tag-beach","12":"product_tag-hecho-a-mano","13":"product_tag-hombre","14":"product_tag-men","15":"product_tag-natacion","16":"product_tag-playa","17":"product_tag-slip","18":"product_tag-speedo","19":"product_tag-summer","20":"product_tag-swimming","21":"product_tag-swimwear","22":"product_shipping_class-envio-estandar","23":"pa_color-amarillo","24":"pa_size-l","25":"pa_size-m","26":"pa_size-s","28":"first","29":"instock","30":"purchasable","31":"product-type-variable"},"_links":{"self":[{"href":"https:\/\/cutuswear.com\/index.php\/wp-json\/wp\/v2\/product\/3594","targetHints":{"allow":["GET"]}}],"collection":[{"href":"https:\/\/cutuswear.com\/index.php\/wp-json\/wp\/v2\/product"}],"about":[{"href":"https:\/\/cutuswear.com\/index.php\/wp-json\/wp\/v2\/types\/product"}],"replies":[{"embeddable":true,"href":"https:\/\/cutuswear.com\/index.php\/wp-json\/wp\/v2\/comments?post=3594"}],"wp:featuredmedia":[{"embeddable":true,"href":"https:\/\/cutuswear.com\/index.php\/wp-json\/wp\/v2\/media\/4116"}],"wp:attachment":[{"href":"https:\/\/cutuswear.com\/index.php\/wp-json\/wp\/v2\/media?parent=3594"}],"wp:term":[{"taxonomy":"product_cat","embeddable":true,"href":"https:\/\/cutuswear.com\/index.php\/wp-json\/wp\/v2\/product_cat?post=3594"},{"taxonomy":"product_tag","embeddable":true,"href":"https:\/\/cutuswear.com\/index.php\/wp-json\/wp\/v2\/product_tag?post=3594"}],"curies":[{"name":"wp","href":"https:\/\/api.w.org\/{rel}","templated":true}]}}