{"id":5920,"date":"2020-07-13T07:37:50","date_gmt":"2020-07-13T07:37:50","guid":{"rendered":"https:\/\/cutuswear.com\/?page_id=5920"},"modified":"2020-07-21T11:09:12","modified_gmt":"2020-07-21T11:09:12","slug":"sizes","status":"publish","type":"page","link":"https:\/\/cutuswear.com\/index.php\/sizes\/","title":{"rendered":"Gu\u00eda de tallas"},"content":{"rendered":"<h3 class=\"wp-block-heading\">Ba\u00f1adores Hombre<\/h3><figure class=\"wp-block-table\"><table><tbody><tr><td><\/td><td>Cintura (cm)<\/td><td>Largo <\/td><td><\/td><\/tr><tr><td>S<\/td><td>83<\/td><td>6<\/td><td><\/td><\/tr><tr><td>M<\/td><td>86<\/td><td>7<\/td><td><\/td><\/tr><tr><td>L<\/td><td>90<\/td><td>8<\/td><td><\/td><\/tr><\/tbody><\/table><\/figure><figure class=\"wp-block-gallery aligncenter columns-1 is-cropped wp-block-gallery-1 is-layout-flex wp-block-gallery-is-layout-flex\"><ul class=\"blocks-gallery-grid\"><li class=\"blocks-gallery-item\"><figure><img loading=\"lazy\" decoding=\"async\" width=\"1024\" height=\"350\" src=\"https:\/\/cutuswear.com\/wp-content\/uploads\/2020\/07\/TallasWEB-1-1024x350.jpg\" alt=\"\" data-id=\"5928\" data-full-url=\"https:\/\/cutuswear.com\/wp-content\/uploads\/2020\/07\/TallasWEB-1.jpg\" data-link=\"https:\/\/cutuswear.com\/index.php\/sizes\/tallasweb-1\/\" class=\"wp-image-5928\" srcset=\"https:\/\/cutuswear.com\/wp-content\/uploads\/2020\/07\/TallasWEB-1-1024x350.jpg 1024w, https:\/\/cutuswear.com\/wp-content\/uploads\/2020\/07\/TallasWEB-1-400x137.jpg 400w, https:\/\/cutuswear.com\/wp-content\/uploads\/2020\/07\/TallasWEB-1-800x273.jpg 800w, https:\/\/cutuswear.com\/wp-content\/uploads\/2020\/07\/TallasWEB-1-300x102.jpg 300w, https:\/\/cutuswear.com\/wp-content\/uploads\/2020\/07\/TallasWEB-1-768x262.jpg 768w, https:\/\/cutuswear.com\/wp-content\/uploads\/2020\/07\/TallasWEB-1-jpg.webp 1417w\" sizes=\"auto, (max-width: 1024px) 100vw, 1024px\" \/><\/figure><\/li><\/ul><\/figure><h3 class=\"wp-block-heading\"><strong>Camisetas Hombre<\/strong><\/h3><figure class=\"wp-block-table\"><table><tbody><tr><td><\/td><td>Ancho (cm) &#8211; A<\/td><td>Largo (cm) &#8211; B<\/td><td><\/td><\/tr><tr><td>S<\/td><td>pr\u00f3ximamente<\/td><td>pr\u00f3ximamente<\/td><td><\/td><\/tr><tr><td>M<\/td><td>53<\/td><td>70<\/td><td><\/td><\/tr><tr><td>L<\/td><td>55<\/td><td>75<\/td><td><\/td><\/tr><\/tbody><\/table><\/figure><h3 class=\"wp-block-heading\">Camisetas Mujer<\/h3><figure class=\"wp-block-table\"><table><tbody><tr><td><\/td><td>Ancho (cm) &#8211; A<\/td><td>Largo (cm) &#8211; B<\/td><\/tr><tr><td>S<\/td><td>44<\/td><td>62<\/td><\/tr><tr><td>M<\/td><td>46<\/td><td>64<\/td><\/tr><tr><td>L<\/td><td>50<\/td><td>66<\/td><\/tr><\/tbody><\/table><\/figure><figure class=\"wp-block-image size-large\"><img decoding=\"async\" src=\"https:\/\/cutuswear.com\/wp-content\/uploads\/2020\/07\/Guiatallascamisetas.jpg\" alt=\"\" class=\"wp-image-6007\"\/><\/figure>","protected":false},"excerpt":{"rendered":"<p>Ba\u00f1adores Hombre Cintura (cm) Largo S 83 6 M 86 7 L 90 8 Camisetas Hombre Ancho (cm) &#8211; A Largo (cm) &#8211; B S pr\u00f3ximamente pr\u00f3ximamente M 53 70 L 55 75 Camisetas Mujer Ancho (cm) &#8211; A Largo (cm) &#8211; B S 44 62 M 46 64 L 50 66<\/p>\n","protected":false},"author":1,"featured_media":0,"parent":0,"menu_order":0,"comment_status":"closed","ping_status":"closed","template":"","meta":{"footnotes":""},"class_list":["post-5920","page","type-page","status-publish","hentry"],"_links":{"self":[{"href":"https:\/\/cutuswear.com\/index.php\/wp-json\/wp\/v2\/pages\/5920","targetHints":{"allow":["GET"]}}],"collection":[{"href":"https:\/\/cutuswear.com\/index.php\/wp-json\/wp\/v2\/pages"}],"about":[{"href":"https:\/\/cutuswear.com\/index.php\/wp-json\/wp\/v2\/types\/page"}],"author":[{"embeddable":true,"href":"https:\/\/cutuswear.com\/index.php\/wp-json\/wp\/v2\/users\/1"}],"replies":[{"embeddable":true,"href":"https:\/\/cutuswear.com\/index.php\/wp-json\/wp\/v2\/comments?post=5920"}],"version-history":[{"count":11,"href":"https:\/\/cutuswear.com\/index.php\/wp-json\/wp\/v2\/pages\/5920\/revisions"}],"predecessor-version":[{"id":6012,"href":"https:\/\/cutuswear.com\/index.php\/wp-json\/wp\/v2\/pages\/5920\/revisions\/6012"}],"wp:attachment":[{"href":"https:\/\/cutuswear.com\/index.php\/wp-json\/wp\/v2\/media?parent=5920"}],"curies":[{"name":"wp","href":"https:\/\/api.w.org\/{rel}","templated":true}]}}