{"id":379,"date":"2019-01-17T08:19:55","date_gmt":"2019-01-17T08:19:55","guid":{"rendered":"https:\/\/plethorathemes.com\/fabershop\/fashion\/?page_id=379"},"modified":"2023-03-14T17:09:16","modified_gmt":"2023-03-14T17:09:16","slug":"about-us","status":"publish","type":"page","link":"https:\/\/cutuswear.com\/index.php\/about-us\/","title":{"rendered":"Sobre nosotros"},"content":{"rendered":"<section class=\"wpb-content-wrapper\"><p>[vc_row row_padding_top=\u00bbpadding_top_none\u00bb row_padding_bottom=\u00bbpadding_bottom_1-2&#8243; css=\u00bb.vc_custom_1583057110743{padding-top: 0px !important;}\u00bb][vc_column offset=\u00bbvc_col-lg-8 vc_col-md-10&#8243;][vc_column_text css=\u00bb.vc_custom_1678813751984{margin-top: 0px !important;}\u00bb]<em>Nuestra pasi\u00f3n por el dise\u00f1o, el minimalismo y el estilo nos anim\u00f3 a crear una colecci\u00f3n de trajes de ba\u00f1o para hombre que resultase divertida y sexi para gente valiente. Trabajamos cada d\u00eda para ofrecer nuevos dise\u00f1os <strong>originales<\/strong>, con las mejores calidades y cuidados al m\u00ednimo detalle.<\/em><\/p>\n<p><em>Todos nuestros ba\u00f1adores est\u00e1n <strong>hechos a mano,\u00a0<\/strong>desde el corte hasta la \u00faltima puntada nuestro equipo pone todo el cuidado para ofrecer una prenda de calidad y duradera.<\/em><\/p>\n<p>Pasado el tiempo, hemos querido trasladar ese minimalismo y exclusividad a otras prendas, para que puedas disfrutar durante todo el a\u00f1o de CUTUS.<\/p>\n<p><em>Nos gustan los retos y las cr\u00edticas constructivas, \u00a1cu\u00e9ntanos!<\/em><\/p>\n<p><em>\u00bfNecesitas una colecci\u00f3n personalizada para tu equipo de nataci\u00f3n, waterpolo o simplemente quieres disponer de una prenda \u00daNICA? Escr\u00edbenos, y nos pondremos manos a la \u00bbm\u00e1quina\u00bb.<\/em><\/p>\n<p>&nbsp;<\/p>\n<p>Jorge y Thania, de Cutus.[\/vc_column_text][\/vc_column][\/vc_row][vc_row full_width=\u00bbstretch_row_content_no_spaces\u00bb row_padding_top=\u00bbpadding_top_none\u00bb row_padding_bottom=\u00bbpadding_bottom_none\u00bb][vc_column width=\u00bb1\/3&#8243;]<div class=\"heading_group_sc wpb_content_element text-right hgs_2 textify_links  vc_custom_1583057271786\">\r\n\r\n      \r\n\r\n    <h2><a href=\"http:\/\/www.cutuswear.com\">Siguenos<\/a><br \/>\n<a href=\"http:\/\/www.instagram.com\/cutuswear\">en Instagram<\/a><\/h2>\n\r\n\r\n        \r\n   \r\n    <div class=\"subtitle\">#CUTUS #SWIMWEAR #FASHION #DESIGN<\/div> \r\n\r\n<\/div>[\/vc_column][vc_column width=\u00bb2\/3&#8243;]<div class=\"ple_instagram_feed wpb_content_element   vc_custom_1583058159148\"><!-- INSTAGRAM FEED SHORTCODE -->\n<div id=\"sb_instagram\"  class=\"sbi sbi_mob_col_1 sbi_tab_col_2 sbi_col_6\" style=\"width: 100%;\"\t data-feedid=\"sbi_cutuswear#6\"  data-res=\"medium\" data-cols=\"6\" data-colsmobile=\"1\" data-colstablet=\"2\" data-num=\"6\" data-nummobile=\"\" data-item-padding=\"0\"\t data-shortcode-atts=\"{&quot;num&quot;:&quot;6&quot;,&quot;cols&quot;:&quot;6&quot;,&quot;heightunit&quot;:&quot;px&quot;,&quot;height&quot;:&quot;&quot;,&quot;imageres&quot;:&quot;medium&quot;,&quot;imagepaddingunit&quot;:&quot;px&quot;,&quot;imagepadding&quot;:&quot;0&quot;,&quot;sortby&quot;:&quot;none&quot;,&quot;showheader&quot;:&quot;false&quot;,&quot;showbutton&quot;:&quot;false&quot;,&quot;buttontext&quot;:&quot;Load More&quot;,&quot;showfollow&quot;:&quot;false&quot;,&quot;followtext&quot;:&quot;Follow Us&quot;,&quot;el_class&quot;:&quot;&quot;,&quot;css&quot;:&quot;.vc_custom_1583058159148{margin-top: 0px !important;margin-bottom: 0px !important;}&quot;}\"  data-postid=\"379\" data-locatornonce=\"f5b80c0ccc\" data-imageaspectratio=\"1:1\" data-sbi-flags=\"favorLocal,gdpr\">\n\t\n\t<div id=\"sbi_images\" >\n\t\t<div class=\"sbi_item sbi_type_video sbi_new sbi_transition\"\n\tid=\"sbi_17965594091651701\" data-date=\"1701200533\">\n\t<div class=\"sbi_photo_wrap\">\n\t\t<a class=\"sbi_photo\" href=\"https:\/\/www.instagram.com\/reel\/C0M6ermr-U2\/\" target=\"_blank\" rel=\"noopener nofollow\"\n\t\t\tdata-full-res=\"https:\/\/scontent-mad2-1.cdninstagram.com\/v\/t51.71878-15\/501126934_621720356994684_2128697543804014994_n.jpg?stp=dst-jpg_e35_tt6&#038;_nc_cat=111&#038;ccb=7-5&#038;_nc_sid=18de74&#038;efg=eyJlZmdfdGFnIjoiQ0xJUFMuYmVzdF9pbWFnZV91cmxnZW4uQzMifQ%3D%3D&#038;_nc_ohc=UI8J5lsPKcQQ7kNvwEEO4GZ&#038;_nc_oc=AdrAGKU8dvhG9TbMOfgPxEF2ge9OQgLvb_rbFcrMLdx2D4Nsaq3-HOBCv2579ZrtEWg&#038;_nc_zt=23&#038;_nc_ht=scontent-mad2-1.cdninstagram.com&#038;edm=AM6HXa8EAAAA&#038;_nc_gid=RcilhFpOpZai1dBTMYTVuA&#038;_nc_tpa=Q5bMBQHC2DDwTOSLC_xC9uJHviwGfOb5q4ZoG8Yn_nYiBhVLS_DKPXlr5xlXv_ssHf-1Poy7SSndzd8y&#038;oh=00_Af0-fi06QD38C_ZE5OzIMWi-AsDNCWOzv2bg-ECZg4668g&#038;oe=69EE9980\"\n\t\t\tdata-img-src-set=\"{&quot;d&quot;:&quot;https:\\\/\\\/scontent-mad2-1.cdninstagram.com\\\/v\\\/t51.71878-15\\\/501126934_621720356994684_2128697543804014994_n.jpg?stp=dst-jpg_e35_tt6&amp;_nc_cat=111&amp;ccb=7-5&amp;_nc_sid=18de74&amp;efg=eyJlZmdfdGFnIjoiQ0xJUFMuYmVzdF9pbWFnZV91cmxnZW4uQzMifQ%3D%3D&amp;_nc_ohc=UI8J5lsPKcQQ7kNvwEEO4GZ&amp;_nc_oc=AdrAGKU8dvhG9TbMOfgPxEF2ge9OQgLvb_rbFcrMLdx2D4Nsaq3-HOBCv2579ZrtEWg&amp;_nc_zt=23&amp;_nc_ht=scontent-mad2-1.cdninstagram.com&amp;edm=AM6HXa8EAAAA&amp;_nc_gid=RcilhFpOpZai1dBTMYTVuA&amp;_nc_tpa=Q5bMBQHC2DDwTOSLC_xC9uJHviwGfOb5q4ZoG8Yn_nYiBhVLS_DKPXlr5xlXv_ssHf-1Poy7SSndzd8y&amp;oh=00_Af0-fi06QD38C_ZE5OzIMWi-AsDNCWOzv2bg-ECZg4668g&amp;oe=69EE9980&quot;,&quot;150&quot;:&quot;https:\\\/\\\/scontent-mad2-1.cdninstagram.com\\\/v\\\/t51.71878-15\\\/501126934_621720356994684_2128697543804014994_n.jpg?stp=dst-jpg_e35_tt6&amp;_nc_cat=111&amp;ccb=7-5&amp;_nc_sid=18de74&amp;efg=eyJlZmdfdGFnIjoiQ0xJUFMuYmVzdF9pbWFnZV91cmxnZW4uQzMifQ%3D%3D&amp;_nc_ohc=UI8J5lsPKcQQ7kNvwEEO4GZ&amp;_nc_oc=AdrAGKU8dvhG9TbMOfgPxEF2ge9OQgLvb_rbFcrMLdx2D4Nsaq3-HOBCv2579ZrtEWg&amp;_nc_zt=23&amp;_nc_ht=scontent-mad2-1.cdninstagram.com&amp;edm=AM6HXa8EAAAA&amp;_nc_gid=RcilhFpOpZai1dBTMYTVuA&amp;_nc_tpa=Q5bMBQHC2DDwTOSLC_xC9uJHviwGfOb5q4ZoG8Yn_nYiBhVLS_DKPXlr5xlXv_ssHf-1Poy7SSndzd8y&amp;oh=00_Af0-fi06QD38C_ZE5OzIMWi-AsDNCWOzv2bg-ECZg4668g&amp;oe=69EE9980&quot;,&quot;320&quot;:&quot;https:\\\/\\\/cutuswear.com\\\/wp-content\\\/uploads\\\/sb-instagram-feed-images\\\/404907894_369726782195070_3107795708734452970_nlow.webp&quot;,&quot;640&quot;:&quot;https:\\\/\\\/cutuswear.com\\\/wp-content\\\/uploads\\\/sb-instagram-feed-images\\\/404907894_369726782195070_3107795708734452970_nfull.webp&quot;}\">\n\t\t\t<span class=\"sbi-screenreader\">V\u00edstete con una sudadera ECOFRIENDLY, \u00fanica y excl<\/span>\n\t\t\t\t\t\t<svg style=\"color: rgba(255,255,255,1)\" class=\"svg-inline--fa fa-play fa-w-14 sbi_playbtn\" aria-label=\"Play\" aria-hidden=\"true\" data-fa-processed=\"\" data-prefix=\"fa\" data-icon=\"play\" role=\"presentation\" xmlns=\"http:\/\/www.w3.org\/2000\/svg\" viewBox=\"0 0 448 512\"><path fill=\"currentColor\" d=\"M424.4 214.7L72.4 6.6C43.8-10.3 0 6.1 0 47.9V464c0 37.5 40.7 60.1 72.4 41.3l352-208c31.4-18.5 31.5-64.1 0-82.6z\"><\/path><\/svg>\t\t\t<img decoding=\"async\" src=\"https:\/\/cutuswear.com\/wp-content\/plugins\/instagram-feed\/img\/placeholder.png\" alt=\"V\u00edstete con una sudadera ECOFRIENDLY, \u00fanica y exclusivamente en www.cutuswear.com\n\nUnidades limitadas, se diferente.\n#cutuswear\" aria-hidden=\"true\">\n\t\t<\/a>\n\t<\/div>\n<\/div><div class=\"sbi_item sbi_type_image sbi_new sbi_transition\"\n\tid=\"sbi_18046561474549421\" data-date=\"1700907143\">\n\t<div class=\"sbi_photo_wrap\">\n\t\t<a class=\"sbi_photo\" href=\"https:\/\/www.instagram.com\/p\/C0ELJxjNW_Z\/\" target=\"_blank\" rel=\"noopener nofollow\"\n\t\t\tdata-full-res=\"https:\/\/scontent-mad1-1.cdninstagram.com\/v\/t39.30808-6\/468043092_18072331363619830_2624612116425738683_n.jpg?stp=dst-jpg_e35_tt6&#038;_nc_cat=105&#038;ccb=7-5&#038;_nc_sid=18de74&#038;efg=eyJlZmdfdGFnIjoiRkVFRC5iZXN0X2ltYWdlX3VybGdlbi5DMyJ9&#038;_nc_ohc=Zk8-5pFfcgYQ7kNvwHt-uq-&#038;_nc_oc=Ado7zPbcMrKqqpB8mMXFTn_ayRyDI-CJ_YKH_RcAN7tN3m4Gl4s2ZNQXiedvkAS4My8&#038;_nc_zt=23&#038;_nc_ht=scontent-mad1-1.cdninstagram.com&#038;edm=AM6HXa8EAAAA&#038;_nc_gid=RcilhFpOpZai1dBTMYTVuA&#038;oh=00_Af2cNK2Z3E4EVfQCkKThy3Yy_apsn91nI8kuNqWToR3asQ&#038;oe=69EE799E\"\n\t\t\tdata-img-src-set=\"{&quot;d&quot;:&quot;https:\\\/\\\/scontent-mad1-1.cdninstagram.com\\\/v\\\/t39.30808-6\\\/468043092_18072331363619830_2624612116425738683_n.jpg?stp=dst-jpg_e35_tt6&amp;_nc_cat=105&amp;ccb=7-5&amp;_nc_sid=18de74&amp;efg=eyJlZmdfdGFnIjoiRkVFRC5iZXN0X2ltYWdlX3VybGdlbi5DMyJ9&amp;_nc_ohc=Zk8-5pFfcgYQ7kNvwHt-uq-&amp;_nc_oc=Ado7zPbcMrKqqpB8mMXFTn_ayRyDI-CJ_YKH_RcAN7tN3m4Gl4s2ZNQXiedvkAS4My8&amp;_nc_zt=23&amp;_nc_ht=scontent-mad1-1.cdninstagram.com&amp;edm=AM6HXa8EAAAA&amp;_nc_gid=RcilhFpOpZai1dBTMYTVuA&amp;oh=00_Af2cNK2Z3E4EVfQCkKThy3Yy_apsn91nI8kuNqWToR3asQ&amp;oe=69EE799E&quot;,&quot;150&quot;:&quot;https:\\\/\\\/scontent-mad1-1.cdninstagram.com\\\/v\\\/t39.30808-6\\\/468043092_18072331363619830_2624612116425738683_n.jpg?stp=dst-jpg_e35_tt6&amp;_nc_cat=105&amp;ccb=7-5&amp;_nc_sid=18de74&amp;efg=eyJlZmdfdGFnIjoiRkVFRC5iZXN0X2ltYWdlX3VybGdlbi5DMyJ9&amp;_nc_ohc=Zk8-5pFfcgYQ7kNvwHt-uq-&amp;_nc_oc=Ado7zPbcMrKqqpB8mMXFTn_ayRyDI-CJ_YKH_RcAN7tN3m4Gl4s2ZNQXiedvkAS4My8&amp;_nc_zt=23&amp;_nc_ht=scontent-mad1-1.cdninstagram.com&amp;edm=AM6HXa8EAAAA&amp;_nc_gid=RcilhFpOpZai1dBTMYTVuA&amp;oh=00_Af2cNK2Z3E4EVfQCkKThy3Yy_apsn91nI8kuNqWToR3asQ&amp;oe=69EE799E&quot;,&quot;320&quot;:&quot;https:\\\/\\\/cutuswear.com\\\/wp-content\\\/uploads\\\/sb-instagram-feed-images\\\/403992757_880957253621925_5090538758825631315_nlow.webp&quot;,&quot;640&quot;:&quot;https:\\\/\\\/cutuswear.com\\\/wp-content\\\/uploads\\\/sb-instagram-feed-images\\\/403992757_880957253621925_5090538758825631315_nfull.webp&quot;}\">\n\t\t\t<span class=\"sbi-screenreader\">\u00a1 \u00daltimas unidades en OFERTA !\nDisfruta de esta su<\/span>\n\t\t\t\t\t\t\t\t\t<img decoding=\"async\" src=\"https:\/\/cutuswear.com\/wp-content\/plugins\/instagram-feed\/img\/placeholder.png\" alt=\"\u00a1 \u00daltimas unidades en OFERTA !\nDisfruta de esta sudadera ECOFRIENDLY, algod\u00f3n org\u00e1nico.\n\u00danicas y exclusivas en www.cutuswear.com \n\n\u00a1\u00a135% DESCUENTO!!\" aria-hidden=\"true\">\n\t\t<\/a>\n\t<\/div>\n<\/div><div class=\"sbi_item sbi_type_image sbi_new sbi_transition\"\n\tid=\"sbi_17988627236239938\" data-date=\"1691502822\">\n\t<div class=\"sbi_photo_wrap\">\n\t\t<a class=\"sbi_photo\" href=\"https:\/\/www.instagram.com\/p\/Cvr51WRtXX8\/\" target=\"_blank\" rel=\"noopener nofollow\"\n\t\t\tdata-full-res=\"https:\/\/scontent-mad1-1.cdninstagram.com\/v\/t39.30808-6\/365450230_18022113250619830_8295429256791533440_n.jpg?stp=dst-jpg_e35_tt6&#038;_nc_cat=106&#038;ccb=7-5&#038;_nc_sid=18de74&#038;efg=eyJlZmdfdGFnIjoiRkVFRC5iZXN0X2ltYWdlX3VybGdlbi5DMyJ9&#038;_nc_ohc=tiJiJGgtPWMQ7kNvwEp1Tfp&#038;_nc_oc=AdriOszKVjMfVCrhenKTgE9CtxoZbgH47zy3MR1HQqJajm4-fbxw71JpwV-OKqtBNog&#038;_nc_zt=23&#038;_nc_ht=scontent-mad1-1.cdninstagram.com&#038;edm=AM6HXa8EAAAA&#038;_nc_gid=RcilhFpOpZai1dBTMYTVuA&#038;oh=00_Af3FWsfhVZrZ3f5gve1ZHh5XVJWwxveGcxcXJT7Pu_C9Yg&#038;oe=69EE8A6D\"\n\t\t\tdata-img-src-set=\"{&quot;d&quot;:&quot;https:\\\/\\\/scontent-mad1-1.cdninstagram.com\\\/v\\\/t39.30808-6\\\/365450230_18022113250619830_8295429256791533440_n.jpg?stp=dst-jpg_e35_tt6&amp;_nc_cat=106&amp;ccb=7-5&amp;_nc_sid=18de74&amp;efg=eyJlZmdfdGFnIjoiRkVFRC5iZXN0X2ltYWdlX3VybGdlbi5DMyJ9&amp;_nc_ohc=tiJiJGgtPWMQ7kNvwEp1Tfp&amp;_nc_oc=AdriOszKVjMfVCrhenKTgE9CtxoZbgH47zy3MR1HQqJajm4-fbxw71JpwV-OKqtBNog&amp;_nc_zt=23&amp;_nc_ht=scontent-mad1-1.cdninstagram.com&amp;edm=AM6HXa8EAAAA&amp;_nc_gid=RcilhFpOpZai1dBTMYTVuA&amp;oh=00_Af3FWsfhVZrZ3f5gve1ZHh5XVJWwxveGcxcXJT7Pu_C9Yg&amp;oe=69EE8A6D&quot;,&quot;150&quot;:&quot;https:\\\/\\\/scontent-mad1-1.cdninstagram.com\\\/v\\\/t39.30808-6\\\/365450230_18022113250619830_8295429256791533440_n.jpg?stp=dst-jpg_e35_tt6&amp;_nc_cat=106&amp;ccb=7-5&amp;_nc_sid=18de74&amp;efg=eyJlZmdfdGFnIjoiRkVFRC5iZXN0X2ltYWdlX3VybGdlbi5DMyJ9&amp;_nc_ohc=tiJiJGgtPWMQ7kNvwEp1Tfp&amp;_nc_oc=AdriOszKVjMfVCrhenKTgE9CtxoZbgH47zy3MR1HQqJajm4-fbxw71JpwV-OKqtBNog&amp;_nc_zt=23&amp;_nc_ht=scontent-mad1-1.cdninstagram.com&amp;edm=AM6HXa8EAAAA&amp;_nc_gid=RcilhFpOpZai1dBTMYTVuA&amp;oh=00_Af3FWsfhVZrZ3f5gve1ZHh5XVJWwxveGcxcXJT7Pu_C9Yg&amp;oe=69EE8A6D&quot;,&quot;320&quot;:&quot;https:\\\/\\\/cutuswear.com\\\/wp-content\\\/uploads\\\/sb-instagram-feed-images\\\/366500699_3605811282996645_5802641019238743389_nlow.webp&quot;,&quot;640&quot;:&quot;https:\\\/\\\/cutuswear.com\\\/wp-content\\\/uploads\\\/sb-instagram-feed-images\\\/366500699_3605811282996645_5802641019238743389_nfull.webp&quot;}\">\n\t\t\t<span class=\"sbi-screenreader\">Alfonso + \u26f5\ufe0f\n#cutus #cutuswear #ba\u00f1adornavigator<\/span>\n\t\t\t\t\t\t\t\t\t<img decoding=\"async\" src=\"https:\/\/cutuswear.com\/wp-content\/plugins\/instagram-feed\/img\/placeholder.png\" alt=\"Alfonso + \u26f5\ufe0f\n#cutus #cutuswear #ba\u00f1adornavigator\" aria-hidden=\"true\">\n\t\t<\/a>\n\t<\/div>\n<\/div><div class=\"sbi_item sbi_type_image sbi_new sbi_transition\"\n\tid=\"sbi_17879515286920407\" data-date=\"1691237675\">\n\t<div class=\"sbi_photo_wrap\">\n\t\t<a class=\"sbi_photo\" href=\"https:\/\/www.instagram.com\/p\/CvkAG0ztki-\/\" target=\"_blank\" rel=\"noopener nofollow\"\n\t\t\tdata-full-res=\"https:\/\/scontent-mad1-1.cdninstagram.com\/v\/t39.30808-6\/365448190_18021721660619830_566268283157070731_n.jpg?stp=dst-jpg_e35_tt6&#038;_nc_cat=106&#038;ccb=7-5&#038;_nc_sid=18de74&#038;efg=eyJlZmdfdGFnIjoiRkVFRC5iZXN0X2ltYWdlX3VybGdlbi5DMyJ9&#038;_nc_ohc=D7Zddw9l6-cQ7kNvwGxbmQY&#038;_nc_oc=AdqjHQ4c-wjCd4bAubLCUlHnBKgClMgeonlj3RbLIqojoj3DXt0lYuunJ2pDaW13gAM&#038;_nc_zt=23&#038;_nc_ht=scontent-mad1-1.cdninstagram.com&#038;edm=AM6HXa8EAAAA&#038;_nc_gid=RcilhFpOpZai1dBTMYTVuA&#038;oh=00_Af2AkPzUHse2DqSfwsswe8av3oWFQ_cuzqMMKl0mby0z0Q&#038;oe=69EE9507\"\n\t\t\tdata-img-src-set=\"{&quot;d&quot;:&quot;https:\\\/\\\/scontent-mad1-1.cdninstagram.com\\\/v\\\/t39.30808-6\\\/365448190_18021721660619830_566268283157070731_n.jpg?stp=dst-jpg_e35_tt6&amp;_nc_cat=106&amp;ccb=7-5&amp;_nc_sid=18de74&amp;efg=eyJlZmdfdGFnIjoiRkVFRC5iZXN0X2ltYWdlX3VybGdlbi5DMyJ9&amp;_nc_ohc=D7Zddw9l6-cQ7kNvwGxbmQY&amp;_nc_oc=AdqjHQ4c-wjCd4bAubLCUlHnBKgClMgeonlj3RbLIqojoj3DXt0lYuunJ2pDaW13gAM&amp;_nc_zt=23&amp;_nc_ht=scontent-mad1-1.cdninstagram.com&amp;edm=AM6HXa8EAAAA&amp;_nc_gid=RcilhFpOpZai1dBTMYTVuA&amp;oh=00_Af2AkPzUHse2DqSfwsswe8av3oWFQ_cuzqMMKl0mby0z0Q&amp;oe=69EE9507&quot;,&quot;150&quot;:&quot;https:\\\/\\\/scontent-mad1-1.cdninstagram.com\\\/v\\\/t39.30808-6\\\/365448190_18021721660619830_566268283157070731_n.jpg?stp=dst-jpg_e35_tt6&amp;_nc_cat=106&amp;ccb=7-5&amp;_nc_sid=18de74&amp;efg=eyJlZmdfdGFnIjoiRkVFRC5iZXN0X2ltYWdlX3VybGdlbi5DMyJ9&amp;_nc_ohc=D7Zddw9l6-cQ7kNvwGxbmQY&amp;_nc_oc=AdqjHQ4c-wjCd4bAubLCUlHnBKgClMgeonlj3RbLIqojoj3DXt0lYuunJ2pDaW13gAM&amp;_nc_zt=23&amp;_nc_ht=scontent-mad1-1.cdninstagram.com&amp;edm=AM6HXa8EAAAA&amp;_nc_gid=RcilhFpOpZai1dBTMYTVuA&amp;oh=00_Af2AkPzUHse2DqSfwsswe8av3oWFQ_cuzqMMKl0mby0z0Q&amp;oe=69EE9507&quot;,&quot;320&quot;:&quot;https:\\\/\\\/cutuswear.com\\\/wp-content\\\/uploads\\\/sb-instagram-feed-images\\\/365466456_800892835026674_4154348320806211487_nlow.webp&quot;,&quot;640&quot;:&quot;https:\\\/\\\/cutuswear.com\\\/wp-content\\\/uploads\\\/sb-instagram-feed-images\\\/365466456_800892835026674_4154348320806211487_nfull.webp&quot;}\">\n\t\t\t<span class=\"sbi-screenreader\">Jorge + \ud83e\udd88\n#cutus #cutuswear #ba\u00f1adorpredator<\/span>\n\t\t\t\t\t\t\t\t\t<img decoding=\"async\" src=\"https:\/\/cutuswear.com\/wp-content\/plugins\/instagram-feed\/img\/placeholder.png\" alt=\"Jorge + \ud83e\udd88\n#cutus #cutuswear #ba\u00f1adorpredator\" aria-hidden=\"true\">\n\t\t<\/a>\n\t<\/div>\n<\/div><div class=\"sbi_item sbi_type_carousel sbi_new sbi_transition\"\n\tid=\"sbi_18297825148136026\" data-date=\"1691083025\">\n\t<div class=\"sbi_photo_wrap\">\n\t\t<a class=\"sbi_photo\" href=\"https:\/\/www.instagram.com\/p\/CvfZIp7NJLK\/\" target=\"_blank\" rel=\"noopener nofollow\"\n\t\t\tdata-full-res=\"https:\/\/scontent-mad2-1.cdninstagram.com\/v\/t39.30808-6\/365395926_18021520003619830_4206036101934826701_n.jpg?stp=dst-jpg_e35_tt6&#038;_nc_cat=110&#038;ccb=7-5&#038;_nc_sid=18de74&#038;efg=eyJlZmdfdGFnIjoiQ0FST1VTRUxfSVRFTS5iZXN0X2ltYWdlX3VybGdlbi5DMyJ9&#038;_nc_ohc=0rTWuUTN6AkQ7kNvwEqYcpP&#038;_nc_oc=Adq8l7mwhqihP-tU9w2_4vwWpikkEPBGtapBL22nD4OFhsfDu2zh1mFxNGKP_ApFyKw&#038;_nc_zt=23&#038;_nc_ht=scontent-mad2-1.cdninstagram.com&#038;edm=AM6HXa8EAAAA&#038;_nc_gid=RcilhFpOpZai1dBTMYTVuA&#038;oh=00_Af1B_lcQYPY04g8zaUU0Kb5Ex1nyBZvUmky-4b-Lw3OdDg&#038;oe=69EE9E77\"\n\t\t\tdata-img-src-set=\"{&quot;d&quot;:&quot;https:\\\/\\\/scontent-mad2-1.cdninstagram.com\\\/v\\\/t39.30808-6\\\/365395926_18021520003619830_4206036101934826701_n.jpg?stp=dst-jpg_e35_tt6&amp;_nc_cat=110&amp;ccb=7-5&amp;_nc_sid=18de74&amp;efg=eyJlZmdfdGFnIjoiQ0FST1VTRUxfSVRFTS5iZXN0X2ltYWdlX3VybGdlbi5DMyJ9&amp;_nc_ohc=0rTWuUTN6AkQ7kNvwEqYcpP&amp;_nc_oc=Adq8l7mwhqihP-tU9w2_4vwWpikkEPBGtapBL22nD4OFhsfDu2zh1mFxNGKP_ApFyKw&amp;_nc_zt=23&amp;_nc_ht=scontent-mad2-1.cdninstagram.com&amp;edm=AM6HXa8EAAAA&amp;_nc_gid=RcilhFpOpZai1dBTMYTVuA&amp;oh=00_Af1B_lcQYPY04g8zaUU0Kb5Ex1nyBZvUmky-4b-Lw3OdDg&amp;oe=69EE9E77&quot;,&quot;150&quot;:&quot;https:\\\/\\\/scontent-mad2-1.cdninstagram.com\\\/v\\\/t39.30808-6\\\/365395926_18021520003619830_4206036101934826701_n.jpg?stp=dst-jpg_e35_tt6&amp;_nc_cat=110&amp;ccb=7-5&amp;_nc_sid=18de74&amp;efg=eyJlZmdfdGFnIjoiQ0FST1VTRUxfSVRFTS5iZXN0X2ltYWdlX3VybGdlbi5DMyJ9&amp;_nc_ohc=0rTWuUTN6AkQ7kNvwEqYcpP&amp;_nc_oc=Adq8l7mwhqihP-tU9w2_4vwWpikkEPBGtapBL22nD4OFhsfDu2zh1mFxNGKP_ApFyKw&amp;_nc_zt=23&amp;_nc_ht=scontent-mad2-1.cdninstagram.com&amp;edm=AM6HXa8EAAAA&amp;_nc_gid=RcilhFpOpZai1dBTMYTVuA&amp;oh=00_Af1B_lcQYPY04g8zaUU0Kb5Ex1nyBZvUmky-4b-Lw3OdDg&amp;oe=69EE9E77&quot;,&quot;320&quot;:&quot;https:\\\/\\\/cutuswear.com\\\/wp-content\\\/uploads\\\/sb-instagram-feed-images\\\/365103295_1762294484211990_5265514031436590033_nlow.webp&quot;,&quot;640&quot;:&quot;https:\\\/\\\/cutuswear.com\\\/wp-content\\\/uploads\\\/sb-instagram-feed-images\\\/365103295_1762294484211990_5265514031436590033_nfull.webp&quot;}\">\n\t\t\t<span class=\"sbi-screenreader\">Manu + \ud83c\udf70 \n#cutus #ba\u00f1adorcake<\/span>\n\t\t\t<svg class=\"svg-inline--fa fa-clone fa-w-16 sbi_lightbox_carousel_icon\" aria-hidden=\"true\" aria-label=\"Clone\" data-fa-pro\u0192cessed=\"\" data-prefix=\"far\" data-icon=\"clone\" role=\"img\" xmlns=\"http:\/\/www.w3.org\/2000\/svg\" viewBox=\"0 0 512 512\">\n                    <path fill=\"currentColor\" d=\"M464 0H144c-26.51 0-48 21.49-48 48v48H48c-26.51 0-48 21.49-48 48v320c0 26.51 21.49 48 48 48h320c26.51 0 48-21.49 48-48v-48h48c26.51 0 48-21.49 48-48V48c0-26.51-21.49-48-48-48zM362 464H54a6 6 0 0 1-6-6V150a6 6 0 0 1 6-6h42v224c0 26.51 21.49 48 48 48h224v42a6 6 0 0 1-6 6zm96-96H150a6 6 0 0 1-6-6V54a6 6 0 0 1 6-6h308a6 6 0 0 1 6 6v308a6 6 0 0 1-6 6z\"><\/path>\n                <\/svg>\t\t\t\t\t\t<img decoding=\"async\" src=\"https:\/\/cutuswear.com\/wp-content\/plugins\/instagram-feed\/img\/placeholder.png\" alt=\"Manu + \ud83c\udf70 \n#cutus #ba\u00f1adorcake\" aria-hidden=\"true\">\n\t\t<\/a>\n\t<\/div>\n<\/div><div class=\"sbi_item sbi_type_image sbi_new sbi_transition\"\n\tid=\"sbi_18089178574318822\" data-date=\"1687959008\">\n\t<div class=\"sbi_photo_wrap\">\n\t\t<a class=\"sbi_photo\" href=\"https:\/\/www.instagram.com\/p\/CuCSi50tQTZ\/\" target=\"_blank\" rel=\"noopener nofollow\"\n\t\t\tdata-full-res=\"https:\/\/scontent-mad1-1.cdninstagram.com\/v\/t51.82787-15\/627684648_18185105857318822_7882304515804021149_n.jpg?stp=dst-jpg_e35_tt6&#038;_nc_cat=107&#038;ccb=7-5&#038;_nc_sid=18de74&#038;efg=eyJlZmdfdGFnIjoiRkVFRC5iZXN0X2ltYWdlX3VybGdlbi5DMyJ9&#038;_nc_ohc=gKwJo1AFi8sQ7kNvwEz_R0Z&#038;_nc_oc=AdrcXnrtOIO3Od1dsUSHkpSrjzzKAYIMiur6Diob6NXDFw43612FgJJt2LoZjqcYBmM&#038;_nc_zt=23&#038;_nc_ht=scontent-mad1-1.cdninstagram.com&#038;edm=AM6HXa8EAAAA&#038;_nc_gid=RcilhFpOpZai1dBTMYTVuA&#038;oh=00_Af0Q-n6z6UdBvGgQ1uxhmJM8kDjQcrX3DSxKtYcu8COMEA&#038;oe=69EE9F66\"\n\t\t\tdata-img-src-set=\"{&quot;d&quot;:&quot;https:\\\/\\\/scontent-mad1-1.cdninstagram.com\\\/v\\\/t51.82787-15\\\/627684648_18185105857318822_7882304515804021149_n.jpg?stp=dst-jpg_e35_tt6&amp;_nc_cat=107&amp;ccb=7-5&amp;_nc_sid=18de74&amp;efg=eyJlZmdfdGFnIjoiRkVFRC5iZXN0X2ltYWdlX3VybGdlbi5DMyJ9&amp;_nc_ohc=gKwJo1AFi8sQ7kNvwEz_R0Z&amp;_nc_oc=AdrcXnrtOIO3Od1dsUSHkpSrjzzKAYIMiur6Diob6NXDFw43612FgJJt2LoZjqcYBmM&amp;_nc_zt=23&amp;_nc_ht=scontent-mad1-1.cdninstagram.com&amp;edm=AM6HXa8EAAAA&amp;_nc_gid=RcilhFpOpZai1dBTMYTVuA&amp;oh=00_Af0Q-n6z6UdBvGgQ1uxhmJM8kDjQcrX3DSxKtYcu8COMEA&amp;oe=69EE9F66&quot;,&quot;150&quot;:&quot;https:\\\/\\\/scontent-mad1-1.cdninstagram.com\\\/v\\\/t51.82787-15\\\/627684648_18185105857318822_7882304515804021149_n.jpg?stp=dst-jpg_e35_tt6&amp;_nc_cat=107&amp;ccb=7-5&amp;_nc_sid=18de74&amp;efg=eyJlZmdfdGFnIjoiRkVFRC5iZXN0X2ltYWdlX3VybGdlbi5DMyJ9&amp;_nc_ohc=gKwJo1AFi8sQ7kNvwEz_R0Z&amp;_nc_oc=AdrcXnrtOIO3Od1dsUSHkpSrjzzKAYIMiur6Diob6NXDFw43612FgJJt2LoZjqcYBmM&amp;_nc_zt=23&amp;_nc_ht=scontent-mad1-1.cdninstagram.com&amp;edm=AM6HXa8EAAAA&amp;_nc_gid=RcilhFpOpZai1dBTMYTVuA&amp;oh=00_Af0Q-n6z6UdBvGgQ1uxhmJM8kDjQcrX3DSxKtYcu8COMEA&amp;oe=69EE9F66&quot;,&quot;320&quot;:&quot;https:\\\/\\\/cutuswear.com\\\/wp-content\\\/uploads\\\/sb-instagram-feed-images\\\/356572283_226851783543817_699852606311748559_nlow.webp&quot;,&quot;640&quot;:&quot;https:\\\/\\\/cutuswear.com\\\/wp-content\\\/uploads\\\/sb-instagram-feed-images\\\/356572283_226851783543817_699852606311748559_nfull.webp&quot;}\">\n\t\t\t<span class=\"sbi-screenreader\">\u00bf Sab\u00edas que la homosexualidad es delito en m\u00e1s de<\/span>\n\t\t\t\t\t\t\t\t\t<img decoding=\"async\" src=\"https:\/\/cutuswear.com\/wp-content\/plugins\/instagram-feed\/img\/placeholder.png\" alt=\"\u00bf Sab\u00edas que la homosexualidad es delito en m\u00e1s de 70 pa\u00edses y que al menos en 8 se castiga con pena de muerte ?\n\nEste mes os animamos a lucir los colores de la diversidad, una celebraci\u00f3n por lo conseguido y por lo que a\u00fan queda por hacer.\n\nM\u00e1s amor, menos odio. \ud83c\udf08 \n\n#pride #orgullo\" aria-hidden=\"true\">\n\t\t<\/a>\n\t<\/div>\n<\/div>\t<\/div>\n\n\t<div id=\"sbi_load\" >\n\n\t\n\t\n<\/div>\n\t\t<span class=\"sbi_resized_image_data\" data-feed-id=\"sbi_cutuswear#6\"\n\t\t  data-resized=\"{&quot;17965594091651701&quot;:{&quot;id&quot;:&quot;404907894_369726782195070_3107795708734452970_n&quot;,&quot;ratio&quot;:&quot;0.56&quot;,&quot;sizes&quot;:{&quot;full&quot;:640,&quot;low&quot;:320,&quot;thumb&quot;:150},&quot;extension&quot;:&quot;.webp&quot;},&quot;18046561474549421&quot;:{&quot;id&quot;:&quot;403992757_880957253621925_5090538758825631315_n&quot;,&quot;ratio&quot;:&quot;0.80&quot;,&quot;sizes&quot;:{&quot;full&quot;:640,&quot;low&quot;:320,&quot;thumb&quot;:150},&quot;extension&quot;:&quot;.webp&quot;},&quot;17988627236239938&quot;:{&quot;id&quot;:&quot;366500699_3605811282996645_5802641019238743389_n&quot;,&quot;ratio&quot;:&quot;0.80&quot;,&quot;sizes&quot;:{&quot;full&quot;:640,&quot;low&quot;:320,&quot;thumb&quot;:150},&quot;extension&quot;:&quot;.webp&quot;},&quot;17879515286920407&quot;:{&quot;id&quot;:&quot;365466456_800892835026674_4154348320806211487_n&quot;,&quot;ratio&quot;:&quot;0.80&quot;,&quot;sizes&quot;:{&quot;full&quot;:640,&quot;low&quot;:320,&quot;thumb&quot;:150},&quot;extension&quot;:&quot;.webp&quot;},&quot;18297825148136026&quot;:{&quot;id&quot;:&quot;365103295_1762294484211990_5265514031436590033_n&quot;,&quot;ratio&quot;:&quot;0.80&quot;,&quot;sizes&quot;:{&quot;full&quot;:640,&quot;low&quot;:320,&quot;thumb&quot;:150},&quot;extension&quot;:&quot;.webp&quot;},&quot;18089178574318822&quot;:{&quot;id&quot;:&quot;356572283_226851783543817_699852606311748559_n&quot;,&quot;ratio&quot;:&quot;0.84&quot;,&quot;sizes&quot;:{&quot;full&quot;:640,&quot;low&quot;:320,&quot;thumb&quot;:150},&quot;extension&quot;:&quot;.webp&quot;}}\">\n\t<\/span>\n\t<\/div>\n\n<!--\/ INSTAGRAM FEED SHORTCODE --><\/div>[\/vc_column][\/vc_row]<\/p>\n<\/section>","protected":false},"excerpt":{"rendered":"<p>[vc_row row_padding_top=\u00bbpadding_top_none\u00bb row_padding_bottom=\u00bbpadding_bottom_1-2&#8243; css=\u00bb.vc_custom_1583057110743{padding-top: 0px !important;}\u00bb][vc_column offset=\u00bbvc_col-lg-8 vc_col-md-10&#8243;][vc_column_text css=\u00bb.vc_custom_1678813751984{margin-top: 0px !important;}\u00bb]Nuestra pasi\u00f3n por el dise\u00f1o, el minimalismo y el estilo nos anim\u00f3 a crear una colecci\u00f3n de trajes de ba\u00f1o para hombre que resultase divertida y sexi para gente valiente. Trabajamos cada d\u00eda para ofrecer nuevos dise\u00f1os originales, con las mejores calidades y cuidados al [&hellip;]<\/p>\n","protected":false},"author":1,"featured_media":380,"parent":0,"menu_order":0,"comment_status":"closed","ping_status":"closed","template":"","meta":{"footnotes":""},"class_list":["post-379","page","type-page","status-publish","has-post-thumbnail","hentry"],"_links":{"self":[{"href":"https:\/\/cutuswear.com\/index.php\/wp-json\/wp\/v2\/pages\/379","targetHints":{"allow":["GET"]}}],"collection":[{"href":"https:\/\/cutuswear.com\/index.php\/wp-json\/wp\/v2\/pages"}],"about":[{"href":"https:\/\/cutuswear.com\/index.php\/wp-json\/wp\/v2\/types\/page"}],"author":[{"embeddable":true,"href":"https:\/\/cutuswear.com\/index.php\/wp-json\/wp\/v2\/users\/1"}],"replies":[{"embeddable":true,"href":"https:\/\/cutuswear.com\/index.php\/wp-json\/wp\/v2\/comments?post=379"}],"version-history":[{"count":12,"href":"https:\/\/cutuswear.com\/index.php\/wp-json\/wp\/v2\/pages\/379\/revisions"}],"predecessor-version":[{"id":7535,"href":"https:\/\/cutuswear.com\/index.php\/wp-json\/wp\/v2\/pages\/379\/revisions\/7535"}],"wp:featuredmedia":[{"embeddable":true,"href":"https:\/\/cutuswear.com\/index.php\/wp-json\/"}],"wp:attachment":[{"href":"https:\/\/cutuswear.com\/index.php\/wp-json\/wp\/v2\/media?parent=379"}],"curies":[{"name":"wp","href":"https:\/\/api.w.org\/{rel}","templated":true}]}}